{"id":581,"date":"2022-12-02T11:57:39","date_gmt":"2022-12-02T11:57:39","guid":{"rendered":"https:\/\/jadro-izletiste.hr\/dokumenti\/upravljanje\/"},"modified":"2023-02-11T10:58:28","modified_gmt":"2023-02-11T10:58:28","slug":"regulations","status":"publish","type":"page","link":"https:\/\/jadro-izletiste.hr\/en\/documents\/regulations\/","title":{"rendered":"Regulations"},"content":{"rendered":"<p>Uza samu rijeku Jadro, isto\u010dno od Salone nalaze se ostaci crkava na lokalitetu koji je u puku poznat ve\u0107 vi\u0161e stolje\u0107a pod vrlo zornim imenom \u0160uplja crkva. To ime potje\u010de iz doba kad su tu stajali zidovi zapu\u0161tene crkve uru\u0161ena krova, zabilje\u017eeni na Camucijevu zemljovidu iz 1571. godine. Ti ostaci trobrodne bazilike posve\u0107ene Sv. Petru i Mojsiju stajali su jo\u0161 na svr\u0161etku 17. i po\u010detku 18. stolje\u0107a, jer su joj novi tada doseljeni stanovnici Solina dali to slikovito ime. Crkva iz 11. stolje\u0107a, povezana s krunidbom bana Zvonimira za hrvatskoga kralja 1075. godine, sagra\u0111ena je unutar velike starokr\u0161\u0107anske bazilike po svoj prilici iz 6. stolje\u0107a. Uz crkvu je bio i benediktinski samostan, povezan, mo\u017eda, s vladarskom ku\u0107om pa je vjerojatno to i razlog da se nova crkva gradi upravo u staroj i da se u njoj obavlja taj va\u017ean \u010din. Po tome je ova ranoromani\u010dka trobrodna bazilika osobito poznata.<\/p>\n<h3>Mala solinska rijeka<\/h3>\n<p>Danas je krajolik bitno razli\u010dit od onoga kakav je bio u starokr\u0161\u0107ansko doba i u 11. stolje\u0107u. Rijeka je tada tekla druk\u010dijim tokom, a okolni teren bio je znatno ni\u017ei. Rijeka, naime, te\u010de sasvim blizu, poplavljuje ostatke starih zidova koji zbog konfiguracije okolnog zemlji\u0161ta \u010desto ostaju pod vodom. To je odli\u010dan i vrlo zoran primjer kako mala solinska rijeka mijenja konfiguraciju solinskog spomeni\u010dkog pejsa\u017ea.<\/p>\n<p><img decoding=\"async\" src=\"https:\/\/jadro.gorilly.digital\/wp-content\/themes\/gd_jadro\/inc\/img\/pics\/novosti-cover.jpg\" alt=\"user image placeholder\" \/><\/p>\n<p>&nbsp;<\/p>\n","protected":false},"excerpt":{"rendered":"<p>Uza samu rijeku Jadro, isto\u010dno od Salone nalaze se ostaci crkava na lokalitetu koji je u puku poznat ve\u0107 vi\u0161e stolje\u0107a pod vrlo zornim imenom \u0160uplja crkva. To ime potje\u010de iz doba kad su tu stajali zidovi zapu\u0161tene crkve uru\u0161ena krova, zabilje\u017eeni na Camucijevu zemljovidu iz 1571. godine. Ti ostaci trobrodne bazilike posve\u0107ene Sv. Petru [&hellip;]<\/p>\n","protected":false},"author":1,"featured_media":462,"parent":555,"menu_order":1,"comment_status":"closed","ping_status":"closed","template":"","meta":{"_acf_changed":false,"footnotes":""},"class_list":["post-581","page","type-page","status-publish","has-post-thumbnail","hentry"],"acf":[],"yoast_head":"<!-- This site is optimized with the Yoast SEO plugin v26.8 - https:\/\/yoast.com\/product\/yoast-seo-wordpress\/ -->\n<title>Regulations - Jadro izleti\u0161te<\/title>\n<meta name=\"robots\" content=\"index, follow, max-snippet:-1, max-image-preview:large, max-video-preview:-1\" \/>\n<link rel=\"canonical\" href=\"https:\/\/jadro-izletiste.hr\/en\/documents\/regulations\/\" \/>\n<meta property=\"og:locale\" content=\"en_US\" \/>\n<meta property=\"og:type\" content=\"article\" \/>\n<meta property=\"og:title\" content=\"Regulations - Jadro izleti\u0161te\" \/>\n<meta property=\"og:description\" content=\"Uza samu rijeku Jadro, isto\u010dno od Salone nalaze se ostaci crkava na lokalitetu koji je u puku poznat ve\u0107 vi\u0161e stolje\u0107a pod vrlo zornim imenom \u0160uplja crkva. To ime potje\u010de iz doba kad su tu stajali zidovi zapu\u0161tene crkve uru\u0161ena krova, zabilje\u017eeni na Camucijevu zemljovidu iz 1571. godine. Ti ostaci trobrodne bazilike posve\u0107ene Sv. Petru [&hellip;]\" \/>\n<meta property=\"og:url\" content=\"https:\/\/jadro-izletiste.hr\/en\/documents\/regulations\/\" \/>\n<meta property=\"og:site_name\" content=\"Jadro izleti\u0161te\" \/>\n<meta property=\"article:publisher\" content=\"https:\/\/www.facebook.com\/people\/Izletite-Jadro\/100088579050796\/\" \/>\n<meta property=\"article:modified_time\" content=\"2023-02-11T10:58:28+00:00\" \/>\n<meta property=\"og:image\" content=\"https:\/\/jadro-izletiste.hr\/wp-content\/uploads\/2022\/12\/about-1.jpg\" \/>\n\t<meta property=\"og:image:width\" content=\"415\" \/>\n\t<meta property=\"og:image:height\" content=\"608\" \/>\n\t<meta property=\"og:image:type\" content=\"image\/jpeg\" \/>\n<meta name=\"twitter:card\" content=\"summary_large_image\" \/>\n<meta name=\"twitter:label1\" content=\"Est. reading time\" \/>\n\t<meta name=\"twitter:data1\" content=\"2 minutes\" \/>\n<script type=\"application\/ld+json\" class=\"yoast-schema-graph\">{\"@context\":\"https:\/\/schema.org\",\"@graph\":[{\"@type\":\"WebPage\",\"@id\":\"https:\/\/jadro-izletiste.hr\/en\/documents\/regulations\/\",\"url\":\"https:\/\/jadro-izletiste.hr\/en\/documents\/regulations\/\",\"name\":\"Regulations - Jadro izleti\u0161te\",\"isPartOf\":{\"@id\":\"https:\/\/jadro-izletiste.hr\/#website\"},\"primaryImageOfPage\":{\"@id\":\"https:\/\/jadro-izletiste.hr\/en\/documents\/regulations\/#primaryimage\"},\"image\":{\"@id\":\"https:\/\/jadro-izletiste.hr\/en\/documents\/regulations\/#primaryimage\"},\"thumbnailUrl\":\"https:\/\/jadro-izletiste.hr\/wp-content\/uploads\/2022\/12\/about-1.jpg\",\"datePublished\":\"2022-12-02T11:57:39+00:00\",\"dateModified\":\"2023-02-11T10:58:28+00:00\",\"breadcrumb\":{\"@id\":\"https:\/\/jadro-izletiste.hr\/en\/documents\/regulations\/#breadcrumb\"},\"inLanguage\":\"en-US\",\"potentialAction\":[{\"@type\":\"ReadAction\",\"target\":[\"https:\/\/jadro-izletiste.hr\/en\/documents\/regulations\/\"]}]},{\"@type\":\"ImageObject\",\"inLanguage\":\"en-US\",\"@id\":\"https:\/\/jadro-izletiste.hr\/en\/documents\/regulations\/#primaryimage\",\"url\":\"https:\/\/jadro-izletiste.hr\/wp-content\/uploads\/2022\/12\/about-1.jpg\",\"contentUrl\":\"https:\/\/jadro-izletiste.hr\/wp-content\/uploads\/2022\/12\/about-1.jpg\",\"width\":415,\"height\":608},{\"@type\":\"BreadcrumbList\",\"@id\":\"https:\/\/jadro-izletiste.hr\/en\/documents\/regulations\/#breadcrumb\",\"itemListElement\":[{\"@type\":\"ListItem\",\"position\":1,\"name\":\"Po\u010detna stranica\",\"item\":\"https:\/\/jadro-izletiste.hr\/\"},{\"@type\":\"ListItem\",\"position\":2,\"name\":\"Documents\",\"item\":\"https:\/\/jadro-izletiste.hr\/en\/documents\/\"},{\"@type\":\"ListItem\",\"position\":3,\"name\":\"Regulations\"}]},{\"@type\":\"WebSite\",\"@id\":\"https:\/\/jadro-izletiste.hr\/#website\",\"url\":\"https:\/\/jadro-izletiste.hr\/\",\"name\":\"Jadro izleti\u0161te\",\"description\":\"Jadro izleti\u0161te\",\"publisher\":{\"@id\":\"https:\/\/jadro-izletiste.hr\/#organization\"},\"potentialAction\":[{\"@type\":\"SearchAction\",\"target\":{\"@type\":\"EntryPoint\",\"urlTemplate\":\"https:\/\/jadro-izletiste.hr\/?s={search_term_string}\"},\"query-input\":{\"@type\":\"PropertyValueSpecification\",\"valueRequired\":true,\"valueName\":\"search_term_string\"}}],\"inLanguage\":\"en-US\"},{\"@type\":\"Organization\",\"@id\":\"https:\/\/jadro-izletiste.hr\/#organization\",\"name\":\"Jadro izleti\u0161te\",\"url\":\"https:\/\/jadro-izletiste.hr\/\",\"logo\":{\"@type\":\"ImageObject\",\"inLanguage\":\"en-US\",\"@id\":\"https:\/\/jadro-izletiste.hr\/#\/schema\/logo\/image\/\",\"url\":\"https:\/\/jadro-izletiste.hr\/wp-content\/uploads\/2023\/02\/Jadro-izletiste-park_LOGO_prikaz-D.png\",\"contentUrl\":\"https:\/\/jadro-izletiste.hr\/wp-content\/uploads\/2023\/02\/Jadro-izletiste-park_LOGO_prikaz-D.png\",\"width\":1692,\"height\":721,\"caption\":\"Jadro izleti\u0161te\"},\"image\":{\"@id\":\"https:\/\/jadro-izletiste.hr\/#\/schema\/logo\/image\/\"},\"sameAs\":[\"https:\/\/www.facebook.com\/people\/Izletite-Jadro\/100088579050796\/\",\"https:\/\/www.instagram.com\/jadro_izletiste\/\"]}]}<\/script>\n<!-- \/ Yoast SEO plugin. -->","yoast_head_json":{"title":"Regulations - Jadro izleti\u0161te","robots":{"index":"index","follow":"follow","max-snippet":"max-snippet:-1","max-image-preview":"max-image-preview:large","max-video-preview":"max-video-preview:-1"},"canonical":"https:\/\/jadro-izletiste.hr\/en\/documents\/regulations\/","og_locale":"en_US","og_type":"article","og_title":"Regulations - Jadro izleti\u0161te","og_description":"Uza samu rijeku Jadro, isto\u010dno od Salone nalaze se ostaci crkava na lokalitetu koji je u puku poznat ve\u0107 vi\u0161e stolje\u0107a pod vrlo zornim imenom \u0160uplja crkva. To ime potje\u010de iz doba kad su tu stajali zidovi zapu\u0161tene crkve uru\u0161ena krova, zabilje\u017eeni na Camucijevu zemljovidu iz 1571. godine. Ti ostaci trobrodne bazilike posve\u0107ene Sv. Petru [&hellip;]","og_url":"https:\/\/jadro-izletiste.hr\/en\/documents\/regulations\/","og_site_name":"Jadro izleti\u0161te","article_publisher":"https:\/\/www.facebook.com\/people\/Izletite-Jadro\/100088579050796\/","article_modified_time":"2023-02-11T10:58:28+00:00","og_image":[{"width":415,"height":608,"url":"https:\/\/jadro-izletiste.hr\/wp-content\/uploads\/2022\/12\/about-1.jpg","type":"image\/jpeg"}],"twitter_card":"summary_large_image","twitter_misc":{"Est. reading time":"2 minutes"},"schema":{"@context":"https:\/\/schema.org","@graph":[{"@type":"WebPage","@id":"https:\/\/jadro-izletiste.hr\/en\/documents\/regulations\/","url":"https:\/\/jadro-izletiste.hr\/en\/documents\/regulations\/","name":"Regulations - Jadro izleti\u0161te","isPartOf":{"@id":"https:\/\/jadro-izletiste.hr\/#website"},"primaryImageOfPage":{"@id":"https:\/\/jadro-izletiste.hr\/en\/documents\/regulations\/#primaryimage"},"image":{"@id":"https:\/\/jadro-izletiste.hr\/en\/documents\/regulations\/#primaryimage"},"thumbnailUrl":"https:\/\/jadro-izletiste.hr\/wp-content\/uploads\/2022\/12\/about-1.jpg","datePublished":"2022-12-02T11:57:39+00:00","dateModified":"2023-02-11T10:58:28+00:00","breadcrumb":{"@id":"https:\/\/jadro-izletiste.hr\/en\/documents\/regulations\/#breadcrumb"},"inLanguage":"en-US","potentialAction":[{"@type":"ReadAction","target":["https:\/\/jadro-izletiste.hr\/en\/documents\/regulations\/"]}]},{"@type":"ImageObject","inLanguage":"en-US","@id":"https:\/\/jadro-izletiste.hr\/en\/documents\/regulations\/#primaryimage","url":"https:\/\/jadro-izletiste.hr\/wp-content\/uploads\/2022\/12\/about-1.jpg","contentUrl":"https:\/\/jadro-izletiste.hr\/wp-content\/uploads\/2022\/12\/about-1.jpg","width":415,"height":608},{"@type":"BreadcrumbList","@id":"https:\/\/jadro-izletiste.hr\/en\/documents\/regulations\/#breadcrumb","itemListElement":[{"@type":"ListItem","position":1,"name":"Po\u010detna stranica","item":"https:\/\/jadro-izletiste.hr\/"},{"@type":"ListItem","position":2,"name":"Documents","item":"https:\/\/jadro-izletiste.hr\/en\/documents\/"},{"@type":"ListItem","position":3,"name":"Regulations"}]},{"@type":"WebSite","@id":"https:\/\/jadro-izletiste.hr\/#website","url":"https:\/\/jadro-izletiste.hr\/","name":"Jadro izleti\u0161te","description":"Jadro izleti\u0161te","publisher":{"@id":"https:\/\/jadro-izletiste.hr\/#organization"},"potentialAction":[{"@type":"SearchAction","target":{"@type":"EntryPoint","urlTemplate":"https:\/\/jadro-izletiste.hr\/?s={search_term_string}"},"query-input":{"@type":"PropertyValueSpecification","valueRequired":true,"valueName":"search_term_string"}}],"inLanguage":"en-US"},{"@type":"Organization","@id":"https:\/\/jadro-izletiste.hr\/#organization","name":"Jadro izleti\u0161te","url":"https:\/\/jadro-izletiste.hr\/","logo":{"@type":"ImageObject","inLanguage":"en-US","@id":"https:\/\/jadro-izletiste.hr\/#\/schema\/logo\/image\/","url":"https:\/\/jadro-izletiste.hr\/wp-content\/uploads\/2023\/02\/Jadro-izletiste-park_LOGO_prikaz-D.png","contentUrl":"https:\/\/jadro-izletiste.hr\/wp-content\/uploads\/2023\/02\/Jadro-izletiste-park_LOGO_prikaz-D.png","width":1692,"height":721,"caption":"Jadro izleti\u0161te"},"image":{"@id":"https:\/\/jadro-izletiste.hr\/#\/schema\/logo\/image\/"},"sameAs":["https:\/\/www.facebook.com\/people\/Izletite-Jadro\/100088579050796\/","https:\/\/www.instagram.com\/jadro_izletiste\/"]}]}},"jetpack_sharing_enabled":true,"_links":{"self":[{"href":"https:\/\/jadro-izletiste.hr\/en\/wp-json\/wp\/v2\/pages\/581","targetHints":{"allow":["GET"]}}],"collection":[{"href":"https:\/\/jadro-izletiste.hr\/en\/wp-json\/wp\/v2\/pages"}],"about":[{"href":"https:\/\/jadro-izletiste.hr\/en\/wp-json\/wp\/v2\/types\/page"}],"author":[{"embeddable":true,"href":"https:\/\/jadro-izletiste.hr\/en\/wp-json\/wp\/v2\/users\/1"}],"replies":[{"embeddable":true,"href":"https:\/\/jadro-izletiste.hr\/en\/wp-json\/wp\/v2\/comments?post=581"}],"version-history":[{"count":3,"href":"https:\/\/jadro-izletiste.hr\/en\/wp-json\/wp\/v2\/pages\/581\/revisions"}],"predecessor-version":[{"id":780,"href":"https:\/\/jadro-izletiste.hr\/en\/wp-json\/wp\/v2\/pages\/581\/revisions\/780"}],"up":[{"embeddable":true,"href":"https:\/\/jadro-izletiste.hr\/en\/wp-json\/wp\/v2\/pages\/555"}],"wp:featuredmedia":[{"embeddable":true,"href":"https:\/\/jadro-izletiste.hr\/en\/wp-json\/wp\/v2\/media\/462"}],"wp:attachment":[{"href":"https:\/\/jadro-izletiste.hr\/en\/wp-json\/wp\/v2\/media?parent=581"}],"curies":[{"name":"wp","href":"https:\/\/api.w.org\/{rel}","templated":true}]}}