{"id":580,"date":"2022-12-02T12:05:59","date_gmt":"2022-12-02T12:05:59","guid":{"rendered":"https:\/\/jadro-izletiste.hr\/dokumenti\/pravo-na-pristup-informacijama\/"},"modified":"2023-02-11T10:59:14","modified_gmt":"2023-02-11T10:59:14","slug":"information-access","status":"publish","type":"page","link":"https:\/\/jadro-izletiste.hr\/en\/documents\/information-access\/","title":{"rendered":"Information access"},"content":{"rendered":"<p><strong>Pravo na pristup informacijama i ponovnu uporabu informacija<\/strong><\/p>\n<p>Temeljem \u010dlanka 3. Zakona o pravu na pristup informacijama (\u00bbNarodne novine\u00ab, broj 25\/13, 85\/15) ure\u0111eno je pravo na pristup informacijama fizi\u010dkim i pravnim osobama putem otvorenosti i javnosti djelovanja tijela javne vlasti.<\/p>\n<p>Pravo na pristup informacijama i ponovnu uporabu informacija obuhva\u0107a pravo korisnika na tra\u017eenje i dobivanje informacije kao i obvezu tijela javne vlasti da omogu\u0107i pristup zatra\u017eenoj informaciji, odnosno da objavljuje informacije neovisno o postavljenom zahtjevu kada takvo objavljivanje proizlazi iz obveze odre\u0111ene zakonom ili drugim propisom.<\/p>\n<p>Pravo na pristup informacijama i ponovnu uporabu informacija ure\u0111eno je i ostvaruje se u skladu sa Zakonom o pravu na pristup informacijama (\u00bbNarodne novine\u00ab, broj 25\/13, 85\/15). Zakonom se propisuju na\u010dela prava na pristup informacijama i ponovnu uporabu informacija, ograni\u010denja prava na pristup informacijama i ponovnu uporabu informacija, postupak za ostvarivanje i za\u0161titu prava na pristup informacijama i ponovnu uporabu informacija.<\/p>\n<p><strong>Slu\u017ebenik za informiranje<\/strong><\/p>\n<p>Grad Solin javnost informira putem slu\u017ebene web stranice dokumentima i informacijama koje posjeduje i koji su javno dostupni u elektroni\u010dkom obliku i mogu\u0107e im je pristupiti bez upu\u0107ivanja posebnog zahtjeva, a pristup svim ostalim informacijama i dokumentima ostvaruje se podno\u0161enjem usmenog ili pisanog zahtjeva.<\/p>\n<p><strong>Pravo na pristup informacijama i ponovnu uporabu informacija ostvaruje se podno\u0161enjem zahtjeva slu\u017ebeniku za informiranje Grada Solina na sljede\u0107e mogu\u0107e na\u010dine:<\/strong><\/p>\n<p><strong>1.<\/strong> putem telefona na broj: +385 (0)21 555 201<br \/>\n<strong>2.<\/strong> putem faksa na broj: +385 (0)21 211 120<br \/>\n<strong>3.<\/strong> elektroni\u010dkom po\u0161tom slu\u017ebeniku za informiranje: <a role=\"link\" href=\"mailto:pristup@solin.hr\">pristup@solin.hr<\/a>,<br \/>\nna obrascu Zahtjev za pristup informacijama \/ Zahtjev za dopunu ili ispravak informacije \/ Zahtjev za ponovnu uporabu informacija<br \/>\n<strong>4.<\/strong> po\u0161tom na adresu: Grad Solin, Stjepana Radi\u0107a 42, 21210 Solin,<br \/>\nna obrascu Zahtjev za pristup informacijama \/ Zahtjev za dopunu ili ispravak informacije \/ Zahtjev za ponovnu uporabu informacija<br \/>\n<strong>5.<\/strong> osobno na adresu: Grad Solin, Stjepana Radi\u0107a 42, 21210 Solin,<br \/>\nna obrascu Zahtjev za pristup informacijama \/ Zahtjev za dopunu ili ispravak informacije \/ Zahtjev za ponovnu uporabu informacija radnim danom od 07:30 do 15:30 sati.<\/p>\n<p><a class=\"mtli_attachment mtli_pdf\" role=\"link\" href=\"http:\/\/stari-web.solin.hr\/pristup-informacijama\/Obrazac_2_Zahtjev%20za%20pristup%20informacijama.pdf\" target=\"_blank\" rel=\"noreferrer noopener\">Zahtjev za pristup informacijama (Obrazac 2)<\/a><br \/>\n<a class=\"mtli_attachment mtli_pdf\" role=\"link\" href=\"http:\/\/stari-web.solin.hr\/pristup-informacijama\/Obrazac_3_Zahtjev%20za%20dopunu%20ili%20ispravak%20informacije.pdf\" target=\"_blank\" rel=\"noreferrer noopener\">Zahtjev za dopunu ili ispravak informacije (Obrazac 3)<\/a><br \/>\n<a class=\"mtli_attachment mtli_pdf\" role=\"link\" href=\"http:\/\/stari-web.solin.hr\/pristup-informacijama\/Obrazac_4_Zahtjev%20za%20ponovnu%20uporabu%20informacija.pdf\" target=\"_blank\" rel=\"noreferrer noopener\">Zahtjev za ponovnu uporabu informacija (Obrazac 4)<\/a><\/p>\n<p><strong>Slu\u017ebenik za informiranje:<\/strong><\/p>\n<p>Ivana Mitar<br \/>\nGrad Solin, Stjepana Radi\u0107a 42, 21210 Solin<br \/>\nTel.: +385 (0)21 555 201<br \/>\nFax: +385 (0)21 211 120<br \/>\nE-mail slu\u017ebenika za informiranje: <a role=\"link\" href=\"mailto:pristup@solin.hr\" target=\"_blank\" rel=\"noreferrer noopener\">pristup@solin.hr<\/a><\/p>\n<p><strong>Naknada za pristup informacijama<\/strong><\/p>\n<p>Grad Solin ima pravo na naknadu stvarnih materijalnih tro\u0161kova koji nastanu pru\u017eanjem informacije korisniku prava na pristup informacijama i ponovnu uporabu informacija, kao i na naknadu tro\u0161kova dostave tra\u017eene informacije, koja se napla\u0107uje sukladno Kriteriju za odre\u0111ivanje visine naknade stvarnih materijalnih tro\u0161kova i tro\u0161kova dostave informacije (dalje u tekstu: Kriterij) na temelju \u010dlanka 19. stavka 2. Zakona o pravu na pristup informacijama (\u00bbNarodne novine\u00ab, broj 25\/13, 85\/15).<\/p>\n<p><strong>Visina naknade stvarnih materijalnih tro\u0161kova odre\u0111uje se u sljede\u0107em iznosu:<\/strong><\/p>\n<p>1. preslik jedne stranice veli\u010dine A4 \u2013 0,25 kuna<br \/>\n2. preslik jedne stranice veli\u010dine A3 \u2013 0,50 kuna<br \/>\n3. preslik jedne stranice u boji veli\u010dine A4 \u2013 1,00 kuna<br \/>\n4. preslik jedne stranice u boji veli\u010dine A3 \u2013 1,60 kuna<br \/>\n5. elektroni\u010dki zapis na jednom CD-u \u2013 4,00 kuna<br \/>\n6. elektroni\u010dki zapis na jednom DVD-u \u2013 6,00 kuna<br \/>\n7. elektroni\u010dki zapis na memorijskoj kartici ovisno o koli\u010dini memorije \u2013 210 kuna za 64 GB, 150 kuna za 32 GB, 120 kuna za 16 GB, 50 kuna za 8 GB, 30 kuna za 4 GB.<br \/>\n8. pretvaranje jedne strane dokumenta iz fizi\u010dkog u elektroni\u010dki oblik \u2013 0,80 kuna<br \/>\n9. pretvaranje zapisa s videovrpce, audiokazete ili diskete u elektroni\u010dki zapis \u2013 1,00 kuna<\/p>\n<p>Tro\u0161kovi dostave informacija obra\u010dunavaju se prema va\u017ee\u0107em cjeniku redovnih po\u0161tanskih usluga.<\/p>\n<p><strong>NAPOMENA:<\/strong><\/p>\n<p>Visinu naknade stvarnih materijalnih tro\u0161kova za usluge koje nisu navedene u Kriteriju, tijelo javne vlasti odre\u0111uje na na\u010din da u visinu naknade zara\u010duna prosje\u010dnu tr\u017ei\u0161nu cijenu za uslugu, tro\u0161ak amortizacije koje ima tijelo javne vlasti te tro\u0161ak po\u0161tanskih usluga. Tro\u0161kovi dostave informacija obra\u010dunavaju se prema va\u017ee\u0107em cjeniku po\u0161tanskih usluga. Korisnik prava na informaciju treba unaprijed u cijelosti polo\u017eiti o\u010dekivani iznos stvarnih materijalnih tro\u0161kova. U slu\u010daju da korisnik prava na informaciju u roku ne polo\u017ei navedeni iznos, smatrat \u0107e se da je korisnik prava na informaciju odustao od zahtjeva. Grad Solin izdat \u0107e korisniku prava na informaciju ra\u010dun prema visini naknade odre\u0111enom u Kriteriju.<\/p>\n<p><strong>Pravo na pristup informacijama ure\u0111uju<\/strong><\/p>\n<p><strong>Op\u0107i propisi<\/strong><\/p>\n<p>\u2022 Zakon o pravu na pristup informacijama (\u00bbNarodne novine\u00ab, broj 25\/13, 85\/15),<br \/>\n\u2022 Zakon o za\u0161titi osobnih podataka (\u00bbNarodne novine\u00ab, broj 103\/03, 118\/06, 41\/08, 130\/11, 106\/12),<br \/>\n\u2022 Zakon o tajnosti podataka (\u00bbNarodne novine\u00ab, broj 79\/07, 86\/12),<br \/>\n\u2022 Zakon o za\u0161titi tajnosti podataka (\u00bbNarodne novine\u00ab, broj 108\/96, 79\/07),<br \/>\n\u2022 Zakon o medijima (\u00bbNarodne novine\u00ab, broj 59\/04, 84\/11, 81\/13),<br \/>\n\u2022 Zakon o arhivskom gradivu i arhivima (\u00bbNarodne novine\u00ab, broj 105\/97, 64\/00, 65\/09, 144\/12),<br \/>\n\u2022 Zakon o sustavu dr\u017eavne uprave u odnosima uprave i gra\u0111ana (\u00bbNarodne novine\u00ab, broj 150\/11, 12\/13),<br \/>\n\u2022 Pravilnik o Sredi\u0161njem katalogu slu\u017ebenih dokumenata Republike Hrvatske (\u00bbNarodne novine\u00ab, broj 83\/14),<br \/>\n\u2022 Pravilnik o ustroju, sadr\u017eaju i na\u010dinu vo\u0111enja slu\u017ebenog Upisnika o ostvarivanju prava na pristup informacijama i ponovnu uporabu informacija (\u00bbNarodne novine\u00ab, broj 83\/14),<br \/>\n\u2022 Kriterij za odre\u0111ivanje visine naknadne stvarnih materijalnih tro\u0161kova i tro\u0161kova dostave informacije (\u00bbNarodne novine\u00ab, broj 12\/14, 15\/14),<br \/>\n\u2022 Popis tijela javne vlasti za 2010. godinu (\u00bbNarodne novine\u00ab, broj 19\/10).<\/p>\n<p><strong>Propisi EU<\/strong><\/p>\n<p>\u2022 Direktiva 2003\/98\/EZ Europskog parlamenta i Vije\u0107a od 17. studenog 2003. o ponovnoj uporabi informacija javnog sektora (SL L 345, 17. 11. 2003.),<br \/>\n\u2022 Uredba 1049\/2001 Europskog parlamenta i Vije\u0107a od 30. svibnja 2001. o javnom pristupu dokumentima Europskog parlamenta, Vije\u0107a i Komisije (SL L 145, 31. 5. 2001.),<br \/>\n\u2022 Direktiva 2013\/37\/EU Europskog parlamenta i Vije\u0107a od 26. lipnja 2013. o izmjeni Direktive 2003\/98\/EZ o ponovnoj uporabi informacija javnog sektora (SL L 175, 27. 6. 2013.).<\/p>\n<p><strong>Interni akti<\/strong><\/p>\n<p>\u2022 Odluka o imenovanju slu\u017ebenika za informiranje,<br \/>\n\u2022 Odluka o ustrojavanju slu\u017ebenog Upisnika o ostvarivanju prava na pristup informacijama,<br \/>\n\u2022 Odluka o visini naknade_cjenik_stvarnih materijalnih tro\u0161kova<br \/>\n\u2022 <a class=\"mtli_attachment mtli_pdf\" role=\"link\" href=\"http:\/\/stari-web.solin.hr\/pristup-informacijama\/pravilnik-informiranje.pdf\" target=\"_blank\" rel=\"noreferrer noopener\">Pravilnik o pristupu informacijama i ponovnu uporabu informacija Grada Solina<\/a>,<br \/>\n\u2022 Slu\u017ebeni Upisnik o zahtjevima, postupcima i odlukama o ostvarivanju prava na pristup informacijama i ponovnu uporabu informacija,<br \/>\n\u2022 Zahtjev za pristup informacijama,<br \/>\n\u2022 Zahtjev za dopunu ili ispravak informacije,<br \/>\n\u2022 Zahtjev za ponovnu uporabu informacija.<\/p>\n<p><strong>Izvje\u0161\u0107a<\/strong><\/p>\n<ul>\n<li class=\"wp-block-file\"><a class=\"mtli_attachment mtli_pdf\" role=\"link\" href=\"https:\/\/www.solin.hr\/wp-content\/uploads\/2022\/02\/Izvjesce-o-provedbi-Zakona-o-pravu-na-pristup-informacijama-za-2021.-godinu.pdf\" target=\"_blank\" rel=\"noreferrer noopener\">Izvje\u0161\u0107e o provedbi Zakona o pravu na pristup informacijama za 2021.godinu<\/a><\/li>\n<li class=\"wp-block-file\"><a class=\"mtli_attachment mtli_pdf\" role=\"link\" href=\"https:\/\/www.solin.hr\/wp-content\/uploads\/2021\/05\/Izvjesce-o-provedbi-Zakona-o-pravu-na-pristup-informacijama-za-2020.-godinu.pdf\" target=\"_blank\" rel=\"noreferrer noopener\">Izvje\u0161\u0107e o provedbi Zakona o pravu na pristup informacijama za 2020. godinu<\/a><\/li>\n<li class=\"wp-block-file\"><a class=\"mtli_attachment mtli_pdf\" role=\"link\" href=\"https:\/\/www.solin.hr\/wp-content\/uploads\/2020\/06\/Izvje%C5%A1%C4%87e-o-provedbi-Zakona-o-pravu-na-pristup-informacijama-za-2019.-godinu.pdf\" target=\"_blank\" rel=\"noreferrer noopener\">Izvje\u0161\u0107e o provedbi Zakona o pravu na pristup informacijama za 2019. godinu<\/a><\/li>\n<li><a class=\"mtli_attachment mtli_pdf\" role=\"link\" href=\"http:\/\/stari-web.solin.hr\/pristup-informacijama\/Godisnje_izvjesce%202018.pdf\" target=\"_blank\" rel=\"noreferrer noopener\">Izvje\u0161\u0107e o provedbi Zakona o pravu na pristup informacijama za 2018. godinu<\/a><\/li>\n<li><a class=\"mtli_attachment mtli_pdf\" role=\"link\" href=\"http:\/\/stari-web.solin.hr\/pristup-informacijama\/Godisnje_izvjesce2017.pdf\" target=\"_blank\" rel=\"noreferrer noopener\">Izvje\u0161\u0107e o provedbi Zakona o pravu na pristup informacijama za 2017. godinu<\/a><\/li>\n<li><a class=\"mtli_attachment mtli_pdf\" role=\"link\" href=\"http:\/\/stari-web.solin.hr\/pristup-informacijama\/izvjesce-o-provedbi-zakona-o-pravu-na-pristup-informacijama-2016.pdf\" target=\"_blank\" rel=\"noreferrer noopener\">Izvje\u0161\u0107e o provedbi Zakona o pravu na pristup informacijama za 2016. godinu<\/a><\/li>\n<li><a class=\"mtli_attachment mtli_pdf\" role=\"link\" href=\"http:\/\/stari-web.solin.hr\/pristup-informacijama\/Godisnje_izvjesce-2015.pdf\" target=\"_blank\" rel=\"noreferrer noopener\">Izvje\u0161\u0107e o provedbi Zakona o pravu na pristup informacijama za 2015. godinu<\/a><\/li>\n<li><a class=\"mtli_attachment mtli_pdf\" role=\"link\" href=\"http:\/\/stari-web.solin.hr\/pristup-informacijama\/izvjee-o-provedbi-zakona-o-pravu-na-pristup-informacija-za-2014.-godinu-176583.pdf\" target=\"_blank\" rel=\"noreferrer noopener\">Izvje\u0161\u0107e o provedbi Zakona o pravu na pristup informacijama za 2014. godinu<\/a><\/li>\n<\/ul>\n","protected":false},"excerpt":{"rendered":"<p>Pravo na pristup informacijama i ponovnu uporabu informacija Temeljem \u010dlanka 3. Zakona o pravu na pristup informacijama (\u00bbNarodne novine\u00ab, broj 25\/13, 85\/15) ure\u0111eno je pravo na pristup informacijama fizi\u010dkim i pravnim osobama putem otvorenosti i javnosti djelovanja tijela javne vlasti. Pravo na pristup informacijama i ponovnu uporabu informacija obuhva\u0107a pravo korisnika na tra\u017eenje i dobivanje [&hellip;]<\/p>\n","protected":false},"author":1,"featured_media":463,"parent":555,"menu_order":3,"comment_status":"closed","ping_status":"closed","template":"","meta":{"_acf_changed":false,"footnotes":""},"class_list":["post-580","page","type-page","status-publish","has-post-thumbnail","hentry"],"acf":[],"yoast_head":"<!-- This site is optimized with the Yoast SEO plugin v26.8 - https:\/\/yoast.com\/product\/yoast-seo-wordpress\/ -->\n<title>Information access - Jadro izleti\u0161te<\/title>\n<meta name=\"robots\" content=\"index, follow, max-snippet:-1, max-image-preview:large, max-video-preview:-1\" \/>\n<link rel=\"canonical\" href=\"https:\/\/jadro-izletiste.hr\/en\/documents\/information-access\/\" \/>\n<meta property=\"og:locale\" content=\"en_US\" \/>\n<meta property=\"og:type\" content=\"article\" \/>\n<meta property=\"og:title\" content=\"Information access - Jadro izleti\u0161te\" \/>\n<meta property=\"og:description\" content=\"Pravo na pristup informacijama i ponovnu uporabu informacija Temeljem \u010dlanka 3. Zakona o pravu na pristup informacijama (\u00bbNarodne novine\u00ab, broj 25\/13, 85\/15) ure\u0111eno je pravo na pristup informacijama fizi\u010dkim i pravnim osobama putem otvorenosti i javnosti djelovanja tijela javne vlasti. Pravo na pristup informacijama i ponovnu uporabu informacija obuhva\u0107a pravo korisnika na tra\u017eenje i dobivanje [&hellip;]\" \/>\n<meta property=\"og:url\" content=\"https:\/\/jadro-izletiste.hr\/en\/documents\/information-access\/\" \/>\n<meta property=\"og:site_name\" content=\"Jadro izleti\u0161te\" \/>\n<meta property=\"article:publisher\" content=\"https:\/\/www.facebook.com\/people\/Izletite-Jadro\/100088579050796\/\" \/>\n<meta property=\"article:modified_time\" content=\"2023-02-11T10:59:14+00:00\" \/>\n<meta property=\"og:image\" content=\"https:\/\/jadro-izletiste.hr\/wp-content\/uploads\/2022\/12\/about-2.jpg\" \/>\n\t<meta property=\"og:image:width\" content=\"415\" \/>\n\t<meta property=\"og:image:height\" content=\"608\" \/>\n\t<meta property=\"og:image:type\" content=\"image\/jpeg\" \/>\n<meta name=\"twitter:card\" content=\"summary_large_image\" \/>\n<meta name=\"twitter:label1\" content=\"Est. reading time\" \/>\n\t<meta name=\"twitter:data1\" content=\"6 minutes\" \/>\n<script type=\"application\/ld+json\" class=\"yoast-schema-graph\">{\"@context\":\"https:\/\/schema.org\",\"@graph\":[{\"@type\":\"WebPage\",\"@id\":\"https:\/\/jadro-izletiste.hr\/en\/documents\/information-access\/\",\"url\":\"https:\/\/jadro-izletiste.hr\/en\/documents\/information-access\/\",\"name\":\"Information access - Jadro izleti\u0161te\",\"isPartOf\":{\"@id\":\"https:\/\/jadro-izletiste.hr\/#website\"},\"primaryImageOfPage\":{\"@id\":\"https:\/\/jadro-izletiste.hr\/en\/documents\/information-access\/#primaryimage\"},\"image\":{\"@id\":\"https:\/\/jadro-izletiste.hr\/en\/documents\/information-access\/#primaryimage\"},\"thumbnailUrl\":\"https:\/\/jadro-izletiste.hr\/wp-content\/uploads\/2022\/12\/about-2.jpg\",\"datePublished\":\"2022-12-02T12:05:59+00:00\",\"dateModified\":\"2023-02-11T10:59:14+00:00\",\"breadcrumb\":{\"@id\":\"https:\/\/jadro-izletiste.hr\/en\/documents\/information-access\/#breadcrumb\"},\"inLanguage\":\"en-US\",\"potentialAction\":[{\"@type\":\"ReadAction\",\"target\":[\"https:\/\/jadro-izletiste.hr\/en\/documents\/information-access\/\"]}]},{\"@type\":\"ImageObject\",\"inLanguage\":\"en-US\",\"@id\":\"https:\/\/jadro-izletiste.hr\/en\/documents\/information-access\/#primaryimage\",\"url\":\"https:\/\/jadro-izletiste.hr\/wp-content\/uploads\/2022\/12\/about-2.jpg\",\"contentUrl\":\"https:\/\/jadro-izletiste.hr\/wp-content\/uploads\/2022\/12\/about-2.jpg\",\"width\":415,\"height\":608},{\"@type\":\"BreadcrumbList\",\"@id\":\"https:\/\/jadro-izletiste.hr\/en\/documents\/information-access\/#breadcrumb\",\"itemListElement\":[{\"@type\":\"ListItem\",\"position\":1,\"name\":\"Po\u010detna stranica\",\"item\":\"https:\/\/jadro-izletiste.hr\/\"},{\"@type\":\"ListItem\",\"position\":2,\"name\":\"Documents\",\"item\":\"https:\/\/jadro-izletiste.hr\/en\/documents\/\"},{\"@type\":\"ListItem\",\"position\":3,\"name\":\"Information access\"}]},{\"@type\":\"WebSite\",\"@id\":\"https:\/\/jadro-izletiste.hr\/#website\",\"url\":\"https:\/\/jadro-izletiste.hr\/\",\"name\":\"Jadro izleti\u0161te\",\"description\":\"Jadro izleti\u0161te\",\"publisher\":{\"@id\":\"https:\/\/jadro-izletiste.hr\/#organization\"},\"potentialAction\":[{\"@type\":\"SearchAction\",\"target\":{\"@type\":\"EntryPoint\",\"urlTemplate\":\"https:\/\/jadro-izletiste.hr\/?s={search_term_string}\"},\"query-input\":{\"@type\":\"PropertyValueSpecification\",\"valueRequired\":true,\"valueName\":\"search_term_string\"}}],\"inLanguage\":\"en-US\"},{\"@type\":\"Organization\",\"@id\":\"https:\/\/jadro-izletiste.hr\/#organization\",\"name\":\"Jadro izleti\u0161te\",\"url\":\"https:\/\/jadro-izletiste.hr\/\",\"logo\":{\"@type\":\"ImageObject\",\"inLanguage\":\"en-US\",\"@id\":\"https:\/\/jadro-izletiste.hr\/#\/schema\/logo\/image\/\",\"url\":\"https:\/\/jadro-izletiste.hr\/wp-content\/uploads\/2023\/02\/Jadro-izletiste-park_LOGO_prikaz-D.png\",\"contentUrl\":\"https:\/\/jadro-izletiste.hr\/wp-content\/uploads\/2023\/02\/Jadro-izletiste-park_LOGO_prikaz-D.png\",\"width\":1692,\"height\":721,\"caption\":\"Jadro izleti\u0161te\"},\"image\":{\"@id\":\"https:\/\/jadro-izletiste.hr\/#\/schema\/logo\/image\/\"},\"sameAs\":[\"https:\/\/www.facebook.com\/people\/Izletite-Jadro\/100088579050796\/\",\"https:\/\/www.instagram.com\/jadro_izletiste\/\"]}]}<\/script>\n<!-- \/ Yoast SEO plugin. -->","yoast_head_json":{"title":"Information access - Jadro izleti\u0161te","robots":{"index":"index","follow":"follow","max-snippet":"max-snippet:-1","max-image-preview":"max-image-preview:large","max-video-preview":"max-video-preview:-1"},"canonical":"https:\/\/jadro-izletiste.hr\/en\/documents\/information-access\/","og_locale":"en_US","og_type":"article","og_title":"Information access - Jadro izleti\u0161te","og_description":"Pravo na pristup informacijama i ponovnu uporabu informacija Temeljem \u010dlanka 3. Zakona o pravu na pristup informacijama (\u00bbNarodne novine\u00ab, broj 25\/13, 85\/15) ure\u0111eno je pravo na pristup informacijama fizi\u010dkim i pravnim osobama putem otvorenosti i javnosti djelovanja tijela javne vlasti. Pravo na pristup informacijama i ponovnu uporabu informacija obuhva\u0107a pravo korisnika na tra\u017eenje i dobivanje [&hellip;]","og_url":"https:\/\/jadro-izletiste.hr\/en\/documents\/information-access\/","og_site_name":"Jadro izleti\u0161te","article_publisher":"https:\/\/www.facebook.com\/people\/Izletite-Jadro\/100088579050796\/","article_modified_time":"2023-02-11T10:59:14+00:00","og_image":[{"width":415,"height":608,"url":"https:\/\/jadro-izletiste.hr\/wp-content\/uploads\/2022\/12\/about-2.jpg","type":"image\/jpeg"}],"twitter_card":"summary_large_image","twitter_misc":{"Est. reading time":"6 minutes"},"schema":{"@context":"https:\/\/schema.org","@graph":[{"@type":"WebPage","@id":"https:\/\/jadro-izletiste.hr\/en\/documents\/information-access\/","url":"https:\/\/jadro-izletiste.hr\/en\/documents\/information-access\/","name":"Information access - Jadro izleti\u0161te","isPartOf":{"@id":"https:\/\/jadro-izletiste.hr\/#website"},"primaryImageOfPage":{"@id":"https:\/\/jadro-izletiste.hr\/en\/documents\/information-access\/#primaryimage"},"image":{"@id":"https:\/\/jadro-izletiste.hr\/en\/documents\/information-access\/#primaryimage"},"thumbnailUrl":"https:\/\/jadro-izletiste.hr\/wp-content\/uploads\/2022\/12\/about-2.jpg","datePublished":"2022-12-02T12:05:59+00:00","dateModified":"2023-02-11T10:59:14+00:00","breadcrumb":{"@id":"https:\/\/jadro-izletiste.hr\/en\/documents\/information-access\/#breadcrumb"},"inLanguage":"en-US","potentialAction":[{"@type":"ReadAction","target":["https:\/\/jadro-izletiste.hr\/en\/documents\/information-access\/"]}]},{"@type":"ImageObject","inLanguage":"en-US","@id":"https:\/\/jadro-izletiste.hr\/en\/documents\/information-access\/#primaryimage","url":"https:\/\/jadro-izletiste.hr\/wp-content\/uploads\/2022\/12\/about-2.jpg","contentUrl":"https:\/\/jadro-izletiste.hr\/wp-content\/uploads\/2022\/12\/about-2.jpg","width":415,"height":608},{"@type":"BreadcrumbList","@id":"https:\/\/jadro-izletiste.hr\/en\/documents\/information-access\/#breadcrumb","itemListElement":[{"@type":"ListItem","position":1,"name":"Po\u010detna stranica","item":"https:\/\/jadro-izletiste.hr\/"},{"@type":"ListItem","position":2,"name":"Documents","item":"https:\/\/jadro-izletiste.hr\/en\/documents\/"},{"@type":"ListItem","position":3,"name":"Information access"}]},{"@type":"WebSite","@id":"https:\/\/jadro-izletiste.hr\/#website","url":"https:\/\/jadro-izletiste.hr\/","name":"Jadro izleti\u0161te","description":"Jadro izleti\u0161te","publisher":{"@id":"https:\/\/jadro-izletiste.hr\/#organization"},"potentialAction":[{"@type":"SearchAction","target":{"@type":"EntryPoint","urlTemplate":"https:\/\/jadro-izletiste.hr\/?s={search_term_string}"},"query-input":{"@type":"PropertyValueSpecification","valueRequired":true,"valueName":"search_term_string"}}],"inLanguage":"en-US"},{"@type":"Organization","@id":"https:\/\/jadro-izletiste.hr\/#organization","name":"Jadro izleti\u0161te","url":"https:\/\/jadro-izletiste.hr\/","logo":{"@type":"ImageObject","inLanguage":"en-US","@id":"https:\/\/jadro-izletiste.hr\/#\/schema\/logo\/image\/","url":"https:\/\/jadro-izletiste.hr\/wp-content\/uploads\/2023\/02\/Jadro-izletiste-park_LOGO_prikaz-D.png","contentUrl":"https:\/\/jadro-izletiste.hr\/wp-content\/uploads\/2023\/02\/Jadro-izletiste-park_LOGO_prikaz-D.png","width":1692,"height":721,"caption":"Jadro izleti\u0161te"},"image":{"@id":"https:\/\/jadro-izletiste.hr\/#\/schema\/logo\/image\/"},"sameAs":["https:\/\/www.facebook.com\/people\/Izletite-Jadro\/100088579050796\/","https:\/\/www.instagram.com\/jadro_izletiste\/"]}]}},"jetpack_sharing_enabled":true,"_links":{"self":[{"href":"https:\/\/jadro-izletiste.hr\/en\/wp-json\/wp\/v2\/pages\/580","targetHints":{"allow":["GET"]}}],"collection":[{"href":"https:\/\/jadro-izletiste.hr\/en\/wp-json\/wp\/v2\/pages"}],"about":[{"href":"https:\/\/jadro-izletiste.hr\/en\/wp-json\/wp\/v2\/types\/page"}],"author":[{"embeddable":true,"href":"https:\/\/jadro-izletiste.hr\/en\/wp-json\/wp\/v2\/users\/1"}],"replies":[{"embeddable":true,"href":"https:\/\/jadro-izletiste.hr\/en\/wp-json\/wp\/v2\/comments?post=580"}],"version-history":[{"count":3,"href":"https:\/\/jadro-izletiste.hr\/en\/wp-json\/wp\/v2\/pages\/580\/revisions"}],"predecessor-version":[{"id":782,"href":"https:\/\/jadro-izletiste.hr\/en\/wp-json\/wp\/v2\/pages\/580\/revisions\/782"}],"up":[{"embeddable":true,"href":"https:\/\/jadro-izletiste.hr\/en\/wp-json\/wp\/v2\/pages\/555"}],"wp:featuredmedia":[{"embeddable":true,"href":"https:\/\/jadro-izletiste.hr\/en\/wp-json\/wp\/v2\/media\/463"}],"wp:attachment":[{"href":"https:\/\/jadro-izletiste.hr\/en\/wp-json\/wp\/v2\/media?parent=580"}],"curies":[{"name":"wp","href":"https:\/\/api.w.org\/{rel}","templated":true}]}}