{"id":574,"date":"2022-12-02T12:07:34","date_gmt":"2022-12-02T12:07:34","guid":{"rendered":"https:\/\/jadro-izletiste.hr\/planirajte-posjet\/pravila-ponasanja\/"},"modified":"2023-02-11T11:06:55","modified_gmt":"2023-02-11T11:06:55","slug":"rules-of-conduct","status":"publish","type":"page","link":"https:\/\/jadro-izletiste.hr\/en\/plan-your-visit\/rules-of-conduct\/","title":{"rendered":"Rules of conduct"},"content":{"rendered":"<p><strong>Na podru\u010dju izleti\u0161ta zabranjeno je:<\/strong><\/p>\n<ul>\n<li>Kupanje<\/li>\n<li>Obavljanje podvodnih aktivnosti<\/li>\n<li>Branje i o\u0161te\u0107ivanje biljaka<\/li>\n<li>Odlaganje svih vrsta otpada (osim na za to predvi\u0111enim mjestima)<\/li>\n<li>Pecanje<\/li>\n<li>Paljenje vatre<\/li>\n<li>Ro\u0161tiljanje (osim na za to predvi\u0111enim mjestima)<\/li>\n<li>Kampiranje<\/li>\n<li>Hranjenje riba<\/li>\n<li>Voditi pse bez povodca<\/li>\n<li>Kori\u0161tenje drona<\/li>\n<\/ul>\n","protected":false},"excerpt":{"rendered":"<p>Na podru\u010dju izleti\u0161ta zabranjeno je: Kupanje Obavljanje podvodnih aktivnosti Branje i o\u0161te\u0107ivanje biljaka Odlaganje svih vrsta otpada (osim na za to predvi\u0111enim mjestima) Pecanje Paljenje vatre Ro\u0161tiljanje (osim na za to predvi\u0111enim mjestima) Kampiranje Hranjenje riba Voditi pse bez povodca Kori\u0161tenje drona<\/p>\n","protected":false},"author":1,"featured_media":529,"parent":558,"menu_order":3,"comment_status":"closed","ping_status":"closed","template":"","meta":{"_acf_changed":false,"footnotes":""},"class_list":["post-574","page","type-page","status-publish","has-post-thumbnail","hentry"],"acf":[],"yoast_head":"<!-- This site is optimized with the Yoast SEO plugin v26.8 - https:\/\/yoast.com\/product\/yoast-seo-wordpress\/ -->\n<title>Rules of conduct - Jadro izleti\u0161te<\/title>\n<meta name=\"robots\" content=\"index, follow, max-snippet:-1, max-image-preview:large, max-video-preview:-1\" \/>\n<link rel=\"canonical\" href=\"https:\/\/jadro-izletiste.hr\/en\/plan-your-visit\/rules-of-conduct\/\" \/>\n<meta property=\"og:locale\" content=\"en_US\" \/>\n<meta property=\"og:type\" content=\"article\" \/>\n<meta property=\"og:title\" content=\"Rules of conduct - Jadro izleti\u0161te\" \/>\n<meta property=\"og:description\" content=\"Na podru\u010dju izleti\u0161ta zabranjeno je: Kupanje Obavljanje podvodnih aktivnosti Branje i o\u0161te\u0107ivanje biljaka Odlaganje svih vrsta otpada (osim na za to predvi\u0111enim mjestima) Pecanje Paljenje vatre Ro\u0161tiljanje (osim na za to predvi\u0111enim mjestima) Kampiranje Hranjenje riba Voditi pse bez povodca Kori\u0161tenje drona\" \/>\n<meta property=\"og:url\" content=\"https:\/\/jadro-izletiste.hr\/en\/plan-your-visit\/rules-of-conduct\/\" \/>\n<meta property=\"og:site_name\" content=\"Jadro izleti\u0161te\" \/>\n<meta property=\"article:publisher\" content=\"https:\/\/www.facebook.com\/people\/Izletite-Jadro\/100088579050796\/\" \/>\n<meta property=\"article:modified_time\" content=\"2023-02-11T11:06:55+00:00\" \/>\n<meta property=\"og:image\" content=\"https:\/\/jadro-izletiste.hr\/wp-content\/uploads\/2023\/02\/optimized_0-scaled.jpg\" \/>\n\t<meta property=\"og:image:width\" content=\"2560\" \/>\n\t<meta property=\"og:image:height\" content=\"1707\" \/>\n\t<meta property=\"og:image:type\" content=\"image\/jpeg\" \/>\n<meta name=\"twitter:card\" content=\"summary_large_image\" \/>\n<meta name=\"twitter:label1\" content=\"Est. reading time\" \/>\n\t<meta name=\"twitter:data1\" content=\"1 minute\" \/>\n<script type=\"application\/ld+json\" class=\"yoast-schema-graph\">{\"@context\":\"https:\/\/schema.org\",\"@graph\":[{\"@type\":\"WebPage\",\"@id\":\"https:\/\/jadro-izletiste.hr\/en\/plan-your-visit\/rules-of-conduct\/\",\"url\":\"https:\/\/jadro-izletiste.hr\/en\/plan-your-visit\/rules-of-conduct\/\",\"name\":\"Rules of conduct - Jadro izleti\u0161te\",\"isPartOf\":{\"@id\":\"https:\/\/jadro-izletiste.hr\/#website\"},\"primaryImageOfPage\":{\"@id\":\"https:\/\/jadro-izletiste.hr\/en\/plan-your-visit\/rules-of-conduct\/#primaryimage\"},\"image\":{\"@id\":\"https:\/\/jadro-izletiste.hr\/en\/plan-your-visit\/rules-of-conduct\/#primaryimage\"},\"thumbnailUrl\":\"https:\/\/jadro-izletiste.hr\/wp-content\/uploads\/2023\/01\/opt-Interpretacijski-centar-14.jpg\",\"datePublished\":\"2022-12-02T12:07:34+00:00\",\"dateModified\":\"2023-02-11T11:06:55+00:00\",\"breadcrumb\":{\"@id\":\"https:\/\/jadro-izletiste.hr\/en\/plan-your-visit\/rules-of-conduct\/#breadcrumb\"},\"inLanguage\":\"en-US\",\"potentialAction\":[{\"@type\":\"ReadAction\",\"target\":[\"https:\/\/jadro-izletiste.hr\/en\/plan-your-visit\/rules-of-conduct\/\"]}]},{\"@type\":\"ImageObject\",\"inLanguage\":\"en-US\",\"@id\":\"https:\/\/jadro-izletiste.hr\/en\/plan-your-visit\/rules-of-conduct\/#primaryimage\",\"url\":\"https:\/\/jadro-izletiste.hr\/wp-content\/uploads\/2023\/01\/opt-Interpretacijski-centar-14.jpg\",\"contentUrl\":\"https:\/\/jadro-izletiste.hr\/wp-content\/uploads\/2023\/01\/opt-Interpretacijski-centar-14.jpg\",\"width\":1038,\"height\":692},{\"@type\":\"BreadcrumbList\",\"@id\":\"https:\/\/jadro-izletiste.hr\/en\/plan-your-visit\/rules-of-conduct\/#breadcrumb\",\"itemListElement\":[{\"@type\":\"ListItem\",\"position\":1,\"name\":\"Po\u010detna stranica\",\"item\":\"https:\/\/jadro-izletiste.hr\/\"},{\"@type\":\"ListItem\",\"position\":2,\"name\":\"Plan your visit\",\"item\":\"https:\/\/jadro-izletiste.hr\/en\/plan-your-visit\/\"},{\"@type\":\"ListItem\",\"position\":3,\"name\":\"Rules of conduct\"}]},{\"@type\":\"WebSite\",\"@id\":\"https:\/\/jadro-izletiste.hr\/#website\",\"url\":\"https:\/\/jadro-izletiste.hr\/\",\"name\":\"Jadro izleti\u0161te\",\"description\":\"Jadro izleti\u0161te\",\"publisher\":{\"@id\":\"https:\/\/jadro-izletiste.hr\/#organization\"},\"potentialAction\":[{\"@type\":\"SearchAction\",\"target\":{\"@type\":\"EntryPoint\",\"urlTemplate\":\"https:\/\/jadro-izletiste.hr\/?s={search_term_string}\"},\"query-input\":{\"@type\":\"PropertyValueSpecification\",\"valueRequired\":true,\"valueName\":\"search_term_string\"}}],\"inLanguage\":\"en-US\"},{\"@type\":\"Organization\",\"@id\":\"https:\/\/jadro-izletiste.hr\/#organization\",\"name\":\"Jadro izleti\u0161te\",\"url\":\"https:\/\/jadro-izletiste.hr\/\",\"logo\":{\"@type\":\"ImageObject\",\"inLanguage\":\"en-US\",\"@id\":\"https:\/\/jadro-izletiste.hr\/#\/schema\/logo\/image\/\",\"url\":\"https:\/\/jadro-izletiste.hr\/wp-content\/uploads\/2023\/02\/Jadro-izletiste-park_LOGO_prikaz-D.png\",\"contentUrl\":\"https:\/\/jadro-izletiste.hr\/wp-content\/uploads\/2023\/02\/Jadro-izletiste-park_LOGO_prikaz-D.png\",\"width\":1692,\"height\":721,\"caption\":\"Jadro izleti\u0161te\"},\"image\":{\"@id\":\"https:\/\/jadro-izletiste.hr\/#\/schema\/logo\/image\/\"},\"sameAs\":[\"https:\/\/www.facebook.com\/people\/Izletite-Jadro\/100088579050796\/\",\"https:\/\/www.instagram.com\/jadro_izletiste\/\"]}]}<\/script>\n<!-- \/ Yoast SEO plugin. -->","yoast_head_json":{"title":"Rules of conduct - Jadro izleti\u0161te","robots":{"index":"index","follow":"follow","max-snippet":"max-snippet:-1","max-image-preview":"max-image-preview:large","max-video-preview":"max-video-preview:-1"},"canonical":"https:\/\/jadro-izletiste.hr\/en\/plan-your-visit\/rules-of-conduct\/","og_locale":"en_US","og_type":"article","og_title":"Rules of conduct - Jadro izleti\u0161te","og_description":"Na podru\u010dju izleti\u0161ta zabranjeno je: Kupanje Obavljanje podvodnih aktivnosti Branje i o\u0161te\u0107ivanje biljaka Odlaganje svih vrsta otpada (osim na za to predvi\u0111enim mjestima) Pecanje Paljenje vatre Ro\u0161tiljanje (osim na za to predvi\u0111enim mjestima) Kampiranje Hranjenje riba Voditi pse bez povodca Kori\u0161tenje drona","og_url":"https:\/\/jadro-izletiste.hr\/en\/plan-your-visit\/rules-of-conduct\/","og_site_name":"Jadro izleti\u0161te","article_publisher":"https:\/\/www.facebook.com\/people\/Izletite-Jadro\/100088579050796\/","article_modified_time":"2023-02-11T11:06:55+00:00","og_image":[{"width":2560,"height":1707,"url":"https:\/\/jadro-izletiste.hr\/wp-content\/uploads\/2023\/02\/optimized_0-scaled.jpg","type":"image\/jpeg"}],"twitter_card":"summary_large_image","twitter_misc":{"Est. reading time":"1 minute"},"schema":{"@context":"https:\/\/schema.org","@graph":[{"@type":"WebPage","@id":"https:\/\/jadro-izletiste.hr\/en\/plan-your-visit\/rules-of-conduct\/","url":"https:\/\/jadro-izletiste.hr\/en\/plan-your-visit\/rules-of-conduct\/","name":"Rules of conduct - Jadro izleti\u0161te","isPartOf":{"@id":"https:\/\/jadro-izletiste.hr\/#website"},"primaryImageOfPage":{"@id":"https:\/\/jadro-izletiste.hr\/en\/plan-your-visit\/rules-of-conduct\/#primaryimage"},"image":{"@id":"https:\/\/jadro-izletiste.hr\/en\/plan-your-visit\/rules-of-conduct\/#primaryimage"},"thumbnailUrl":"https:\/\/jadro-izletiste.hr\/wp-content\/uploads\/2023\/01\/opt-Interpretacijski-centar-14.jpg","datePublished":"2022-12-02T12:07:34+00:00","dateModified":"2023-02-11T11:06:55+00:00","breadcrumb":{"@id":"https:\/\/jadro-izletiste.hr\/en\/plan-your-visit\/rules-of-conduct\/#breadcrumb"},"inLanguage":"en-US","potentialAction":[{"@type":"ReadAction","target":["https:\/\/jadro-izletiste.hr\/en\/plan-your-visit\/rules-of-conduct\/"]}]},{"@type":"ImageObject","inLanguage":"en-US","@id":"https:\/\/jadro-izletiste.hr\/en\/plan-your-visit\/rules-of-conduct\/#primaryimage","url":"https:\/\/jadro-izletiste.hr\/wp-content\/uploads\/2023\/01\/opt-Interpretacijski-centar-14.jpg","contentUrl":"https:\/\/jadro-izletiste.hr\/wp-content\/uploads\/2023\/01\/opt-Interpretacijski-centar-14.jpg","width":1038,"height":692},{"@type":"BreadcrumbList","@id":"https:\/\/jadro-izletiste.hr\/en\/plan-your-visit\/rules-of-conduct\/#breadcrumb","itemListElement":[{"@type":"ListItem","position":1,"name":"Po\u010detna stranica","item":"https:\/\/jadro-izletiste.hr\/"},{"@type":"ListItem","position":2,"name":"Plan your visit","item":"https:\/\/jadro-izletiste.hr\/en\/plan-your-visit\/"},{"@type":"ListItem","position":3,"name":"Rules of conduct"}]},{"@type":"WebSite","@id":"https:\/\/jadro-izletiste.hr\/#website","url":"https:\/\/jadro-izletiste.hr\/","name":"Jadro izleti\u0161te","description":"Jadro izleti\u0161te","publisher":{"@id":"https:\/\/jadro-izletiste.hr\/#organization"},"potentialAction":[{"@type":"SearchAction","target":{"@type":"EntryPoint","urlTemplate":"https:\/\/jadro-izletiste.hr\/?s={search_term_string}"},"query-input":{"@type":"PropertyValueSpecification","valueRequired":true,"valueName":"search_term_string"}}],"inLanguage":"en-US"},{"@type":"Organization","@id":"https:\/\/jadro-izletiste.hr\/#organization","name":"Jadro izleti\u0161te","url":"https:\/\/jadro-izletiste.hr\/","logo":{"@type":"ImageObject","inLanguage":"en-US","@id":"https:\/\/jadro-izletiste.hr\/#\/schema\/logo\/image\/","url":"https:\/\/jadro-izletiste.hr\/wp-content\/uploads\/2023\/02\/Jadro-izletiste-park_LOGO_prikaz-D.png","contentUrl":"https:\/\/jadro-izletiste.hr\/wp-content\/uploads\/2023\/02\/Jadro-izletiste-park_LOGO_prikaz-D.png","width":1692,"height":721,"caption":"Jadro izleti\u0161te"},"image":{"@id":"https:\/\/jadro-izletiste.hr\/#\/schema\/logo\/image\/"},"sameAs":["https:\/\/www.facebook.com\/people\/Izletite-Jadro\/100088579050796\/","https:\/\/www.instagram.com\/jadro_izletiste\/"]}]}},"jetpack_sharing_enabled":true,"_links":{"self":[{"href":"https:\/\/jadro-izletiste.hr\/en\/wp-json\/wp\/v2\/pages\/574","targetHints":{"allow":["GET"]}}],"collection":[{"href":"https:\/\/jadro-izletiste.hr\/en\/wp-json\/wp\/v2\/pages"}],"about":[{"href":"https:\/\/jadro-izletiste.hr\/en\/wp-json\/wp\/v2\/types\/page"}],"author":[{"embeddable":true,"href":"https:\/\/jadro-izletiste.hr\/en\/wp-json\/wp\/v2\/users\/1"}],"replies":[{"embeddable":true,"href":"https:\/\/jadro-izletiste.hr\/en\/wp-json\/wp\/v2\/comments?post=574"}],"version-history":[{"count":2,"href":"https:\/\/jadro-izletiste.hr\/en\/wp-json\/wp\/v2\/pages\/574\/revisions"}],"predecessor-version":[{"id":719,"href":"https:\/\/jadro-izletiste.hr\/en\/wp-json\/wp\/v2\/pages\/574\/revisions\/719"}],"up":[{"embeddable":true,"href":"https:\/\/jadro-izletiste.hr\/en\/wp-json\/wp\/v2\/pages\/558"}],"wp:featuredmedia":[{"embeddable":true,"href":"https:\/\/jadro-izletiste.hr\/en\/wp-json\/wp\/v2\/media\/529"}],"wp:attachment":[{"href":"https:\/\/jadro-izletiste.hr\/en\/wp-json\/wp\/v2\/media?parent=574"}],"curies":[{"name":"wp","href":"https:\/\/api.w.org\/{rel}","templated":true}]}}